{"id":459,"date":"2013-04-22T22:26:39","date_gmt":"2013-04-22T22:26:39","guid":{"rendered":"http:\/\/tri-optic.pl\/?page_id=459"},"modified":"2018-10-23T08:10:20","modified_gmt":"2018-10-23T08:10:20","slug":"polityka-prywatnosci","status":"publish","type":"page","link":"https:\/\/tri-optic.pl\/?page_id=459","title":{"rendered":"Polityka prywatno\u015bci"},"content":{"rendered":"<p style=\"text-align: justify;\">Poni\u017cej przedstawiamy warunki korzystania z serwisu internetowego www.tri-optic.pl<\/p>\n<p>U\u017cyty w niniejszym tek\u015bcie jak i stronie internetowej zwrot DISKUS Polska oznacza DISKUS Polska Sp. z o.o. z siedzib\u0105 w Wieliczce\u00a0 przy Ul. Ko\u015bciuszki 1 jak i ka\u017cd\u0105 ze sp\u00f3\u0142ek w stosunku, do kt\u00f3rych DISKUS Polska Sp. z o.o. ma pozycj\u0119 dominuj\u0105c\u0105 lub sp\u00f3\u0142ek z ni\u0105 powi\u0105zanych.<\/p>\n<p>Ta strona internetowa www.tri-optic.pl (&#8220;Strona&#8221;) jest w\u0142asno\u015bci\u0105 i jest utrzymywana przez DISKUS Polska Sp. z o.o. Dost\u0119p i u\u017cywanie tej Strony, oznacza wyra\u017cenie zgody ze wszystkimi terminami, warunkami oraz uwagami zawartymi na tej stronie. Dodatkowe terminy i warunki stosuje si\u0119 do odr\u0119bnych obszar\u00f3w Strony lub do szczeg\u00f3\u0142owej zawarto\u015bci lub dodatkowych \u017c\u0105da\u0144, kt\u00f3re r\u00f3wnie\u017c mog\u0105 by\u0107 publikowane w poszczeg\u00f3lnych cz\u0119\u015bciach Strony razem z og\u00f3lnymi terminami i warunkami, i kt\u00f3re reguluj\u0105 zasady u\u017cytkowania Strony. Stanowi\u0105 one, wraz z dodatkowymi terminami i warunkami &#8211; kiedy te maj\u0105 zastosowanie i odnosz\u0105 si\u0119 do &#8220;Umowy&#8221;.<\/p>\n<p>Poprzez u\u017cywanie tej strony, U\u017cytkownik Strony o\u015bwiadcza \u017ce rozumie i zgadza si\u0119 z og\u00f3lnymi terminami i warunkami. Podczas u\u017cywania obszar\u00f3w Strony, gdzie og\u0142aszane s\u0105 inne terminy i warunki, wyra\u017ca r\u00f3wnie\u017c swoje zrozumienie i zgod\u0119 dotycz\u0105c\u0105 tych termin\u00f3w i warunk\u00f3w.<\/p>\n<p>Poprzez u\u017cywanie tej strony, U\u017cytkownik Strony o\u015bwiadcza, \u017ce przestrzega wszystkich maj\u0105cych zastosowanie regulacji prawnych, wliczaj\u0105c w to eksport i re-eksport regulacji prawnych i maj\u0105cego zastosowanie prawa polskiego. Dost\u0119p lub u\u017cywanie jakiejkolwiek cz\u0119\u015bci informacji lub cechy Strony z jakiegokolwiek terytorium, gdzie taka cz\u0119\u015b\u0107 lub cecha jest nielegalna, jest zakazane.<\/p>\n<p style=\"text-align: center;\"><strong>Pliki Cookie<\/strong><\/p>\n<p style=\"text-align: center;\">\n<p>Strona internetowa DISKUS Polska wykorzystuje tzw. Cookies (ma\u0142e pliki tekstowe, kt\u00f3re zapisuj\u0105 si\u0119 na dysku osoby odwiedzaj\u0105cej stron\u0119). Pliki te wykorzystywane s\u0105 do zapami\u0119tywania informacji u\u017cytkowniku strony \u2013 tworzenia tzw. spersonalizowanych ustawie\u0144 i stosowane s\u0105 przez wi\u0119kszo\u015b\u0107 rozbudowanych stron WWW. Nie s\u0142u\u017c\u0105 do przetwarzania ani do przechowywania danych osobowych oraz nie mo\u017cna za ich pomoc\u0105 dokona\u0107 bezpo\u015bredniej identyfikacji u\u017cytkownika strony DISKUS Polska. U\u017cytkownik mo\u017ce w ka\u017cdej chwili wy\u0142\u0105czy\u0107 obs\u0142ug\u0119 cookies w opcjach przegl\u0105darki internetowej.<\/p>\n<p style=\"text-align: center;\"><strong>INFORMACJA O PRZETWARZANIU DANYCH OSOBOWYCH<\/strong><\/p>\n<p style=\"text-align: center;\"><strong>Data wej\u015bcia w \u017cycie: 25 maja 2018 r.<\/strong><\/p>\n<p style=\"text-align: center;\"><strong>Wprowadzenie<\/strong><\/p>\n<p style=\"text-align: justify;\">\n<p>Pa\u0144stwa prywatno\u015b\u0107 jest dla nas bardzo wa\u017cna. Rozumiemy, jak wa\u017cna jest ochrona Pa\u0144stwa danych osobowych w zgodzie z Rozporz\u0105dzeniem Parlamentu Europejskiego i Rady (UE) 2016\/679 z dnia 27 kwietnia 2016 r. w sprawie ochrony os\u00f3b fizycznych w zwi\u0105zku z przetwarzaniem danych osobowych i w sprawie swobodnego przep\u0142ywu takich danych znane powszechnie jako rozporz\u0105dzenie RODO lub GDPR.<\/p>\n<p>Pa\u0144stwa dane osobowe zosta\u0142y podane DISKUS Polska Sp. z o.o. dobrowolnie za po\u015brednictwem dowolnego \u015brodka komunikacji (zg\u0142oszenie przez telefon, poczta tradycyjna, e-mail, spotkania bezpo\u015brednie i inne) w celach biznesowych.<\/p>\n<p>Niniejszy dokument jest wype\u0142nieniem obowi\u0105zku ci\u0105\u017c\u0105cego na firmie DISKUS Polska Sp. z o.o. w zwi\u0105zku z rozporz\u0105dzeniem RODO.<\/p>\n<p style=\"text-align: center;\"><strong>\u00a71 Administrator danych osobowych<\/strong><\/p>\n<p style=\"text-align: justify;\">\n<p>DISKUS Polska Sp. z o.o. z siedzib\u0105 w Wieliczce ul. Ko\u015bciuszki 1 NIP: 675-13-55-824, REGON: 120387931, e-mail: abi@diskus.pl\u00a0 zwana dalej DISKUS Polska jest Administratorem nast\u0119puj\u0105cych Pani\/Pana danych osobowych: imi\u0119 i nazwisko, firma, tytu\u0142 naukowy, stanowisko, dzia\u0142, specjalizacja, adres e-mail, telefon.<\/p>\n<p style=\"text-align: center;\"><strong>\u00a72 Inspektor ochrony danych osobowych<\/strong><\/p>\n<p style=\"text-align: justify;\">\n<p>DISKUS Polska nie powo\u0142uje Inspektora Ochrony Danych. We wszelkich sprawach dotycz\u0105cych przetwarzania danych mo\u017cna skontaktowa\u0107 si\u0119 z Administratorem pod adresem e-mail: abi@diskus.pl<\/p>\n<p style=\"text-align: center;\"><strong>\u00a73 Cele i podstawy przetwarzania<\/strong><\/p>\n<p style=\"text-align: justify;\">\n<p>Pani\/Pana dane osobowe przetwarzane b\u0119d\u0105 na podstawie og\u00f3lnego rozporz\u0105dzenia o ochronie danych osobowych z dnia 27 kwietnia 2016 r.: w celu realizacji zam\u00f3wienia &#8211; na podstawie Art. 6 ust. 1 lit. b, w celach marketingowych &#8211; na podstawie Art. 6 ust. 1 lit. a, w celach kontaktowych &#8211; na podstawie Art. 6 ust. 1 lit. a, w celu subskrypcji do newslettera &#8211; na podstawie Art. 6 ust. 1 lit. a<\/p>\n<p>W przypadku przetwarzania danych na podstawie zgody, w ka\u017cdej chwili przys\u0142uguje Pani\/Panu prawo do zmiany zgody co do zakresu przetwarzania lub do jej wycofania. Cofni\u0119cie zgody nie wp\u0142ywa na zgodno\u015b\u0107 z prawem przetwarzania, kt\u00f3rego dokonano na podstawie Pani\/Pana zgody przed jej wycofaniem.<\/p>\n<p style=\"text-align: center;\"><strong>\u00a74 Prawo do sprzeciwu<\/strong><\/p>\n<p style=\"text-align: center;\">\n<p>W ka\u017cdej chwili przys\u0142uguje Pani\/Panu prawo do wniesienia sprzeciwu wobec przetwarzania Pani\/Pana danych osobowych. Firma DISKUS Polska przestanie przetwarza\u0107 Pani\/Pana dane osobowe, chyba \u017ce b\u0119dzie w stanie wykaza\u0107, \u017ce w stosunku do Pani\/Pana danych istnieje dla DISKUS Polska wa\u017cne prawnie uzasadnione podstawy, kt\u00f3re s\u0105 nadrz\u0119dne wobec Pani\/Pana interes\u00f3w, praw i wolno\u015bci, lub Pani\/Pana dane s\u0105 DISKUS Polska potrzebne do ewentualnego ustalenia, dochodzenia lub obrony roszcze\u0144.<\/p>\n<p style=\"text-align: center;\"><strong>\u00a75 Okres przechowywania danych<\/strong><\/p>\n<p style=\"text-align: justify;\">\n<p>Pani\/Pana dane osobowe b\u0119d\u0105 przetwarzane tak d\u0142ugo, jak d\u0142ugo b\u0119d\u0105 do tego istnie\u0107 podstawy prawne i faktyczne, a w przypadku danych przetwarzanych na podstawie zgody, a\u017c do momentu jej wycofania.<\/p>\n<p style=\"text-align: center;\"><strong>\u00a76 Odbiorcy danych<\/strong><\/p>\n<p>Pani\/Pana dane mog\u0105 zosta\u0107 przekazane nast\u0119puj\u0105cym podmiotom:<br \/>\npodwykonawcom (podmioty przetwarzaj\u0105ce), takim jak firmy kurierskie i spedycyjne (w celu dor\u0119czenia przesy\u0142ek), firmy prawnicze, informatyczne, wykonawcy us\u0142ug na zlecenie DISKUS Polska<\/p>\n<p>wszelkie instytucje pa\u0144stwowe i publiczne na bazie obowi\u0105zuj\u0105cego prawa<\/p>\n<p style=\"text-align: center;\"><strong>\u00a77 Prawa os\u00f3b, kt\u00f3rych dane dotycz\u0105<\/strong><\/p>\n<p>Zgodnie z RODO przys\u0142uguje Pani\/Panu:<\/p>\n<p>prawo do dost\u0119pu do Pani\/Pana danych oraz otrzymania ich kopii;<br \/>\nprawo do sprostowania (poprawiania) Pani\/Pana danych;<br \/>\nprawo do ograniczenia przetwarzania danych;<br \/>\nprawo do usuni\u0119cia Pani\/Pana danych;<br \/>\nprawo do wniesienia sprzeciwu wobec przetwarzania Pani\/Pana danych;<br \/>\nprawo do przenoszenia danych;<br \/>\nprawo do wniesienia skargi do organu nadzorczego.<\/p>\n<p style=\"text-align: center;\"><strong>\u00a78 Informacja o wymogu\/dobrowolno\u015bci podania danych<\/strong><\/p>\n<p style=\"text-align: justify;\">\n<p>Podanie danych ma charakter dobrowolny, ale mo\u017ce by\u0107 konieczne do zawarcia lub wykonania umowy lub prowadzenia innych zgodnych z prawem dzia\u0142a\u0144.<\/p>\n","protected":false},"excerpt":{"rendered":"<p>Poni\u017cej przedstawiamy warunki korzystania z serwisu internetowego www.tri-optic.pl U\u017cyty w niniejszym tek\u015bcie jak i stronie internetowej zwrot DISKUS Polska oznacza DISKUS Polska Sp. z o.o. z siedzib\u0105 w Wieliczce\u00a0 przy Ul. Ko\u015bciuszki 1 jak i ka\u017cd\u0105 ze sp\u00f3\u0142ek w stosunku, do kt\u00f3rych DISKUS Polska Sp. z o.o. ma pozycj\u0119 dominuj\u0105c\u0105 lub sp\u00f3\u0142ek z ni\u0105 powi\u0105zanych. [&hellip;]<\/p>\n","protected":false},"author":1,"featured_media":0,"parent":0,"menu_order":0,"comment_status":"open","ping_status":"open","template":"","meta":{"_acf_changed":false,"footnotes":""},"class_list":["post-459","page","type-page","status-publish","hentry"],"acf":[],"_links":{"self":[{"href":"https:\/\/tri-optic.pl\/index.php?rest_route=\/wp\/v2\/pages\/459","targetHints":{"allow":["GET"]}}],"collection":[{"href":"https:\/\/tri-optic.pl\/index.php?rest_route=\/wp\/v2\/pages"}],"about":[{"href":"https:\/\/tri-optic.pl\/index.php?rest_route=\/wp\/v2\/types\/page"}],"author":[{"embeddable":true,"href":"https:\/\/tri-optic.pl\/index.php?rest_route=\/wp\/v2\/users\/1"}],"replies":[{"embeddable":true,"href":"https:\/\/tri-optic.pl\/index.php?rest_route=%2Fwp%2Fv2%2Fcomments&post=459"}],"version-history":[{"count":7,"href":"https:\/\/tri-optic.pl\/index.php?rest_route=\/wp\/v2\/pages\/459\/revisions"}],"predecessor-version":[{"id":465,"href":"https:\/\/tri-optic.pl\/index.php?rest_route=\/wp\/v2\/pages\/459\/revisions\/465"}],"wp:attachment":[{"href":"https:\/\/tri-optic.pl\/index.php?rest_route=%2Fwp%2Fv2%2Fmedia&parent=459"}],"curies":[{"name":"wp","href":"https:\/\/api.w.org\/{rel}","templated":true}]}}