{"id":5,"date":"2012-09-18T23:02:11","date_gmt":"2012-09-18T23:02:11","guid":{"rendered":"http:\/\/tri-optic.pl\/?page_id=5"},"modified":"2015-08-17T10:33:23","modified_gmt":"2015-08-17T10:33:23","slug":"o-nas","status":"publish","type":"page","link":"https:\/\/tri-optic.pl\/?page_id=5","title":{"rendered":"O nas"},"content":{"rendered":"<p style=\"text-align: justify;\">Jeste\u015bmy jedynym w Europie \u015brodkowo-wschodniej, <a href=\"http:\/\/diskus.pl\/ \">licencjonowanym partnerem Tri-Optic<\/a>\u00a0 &#8211; wiod\u0105cego producenta profesjonalnych barkod\u00f3w\u00a0 na\u00a0 ta\u015bmowe no\u015bniki danych IBM, Oracle, HP, Quantum, Sony,\u00a0 Fujifilm, Maxell oraz TDK.\u00a0 Gwarantujemy dostaw\u0119 produktu w dowolne miejsce do 24 godzin od momentu z\u0142o\u017cenia zam\u00f3wienia. Najwy\u017csza jako\u015b\u0107 materia\u0142\u00f3w u\u017cytych do produkcji gwarantuje niezawodno\u015b\u0107 identyfikacji przez lata, a konstrukcja samej etykiety sprawia, \u017ce bardzo ci\u0119\u017cko jest j\u0105 uszkodzi\u0107.<\/p>\n<p style=\"text-align: justify;\">Oferujmy mo\u017cliwo\u015b\u0107\u00a0 produkcji barkodu z\u00a0 dowoln\u0105 kombinacj\u0105 alfanumeryczn\u0105 oraz logo zleceniodawcy (6 lub 8-mio znakowa kombinacja z cyfr 0-9 albo liter A-Z, czcionka Helvetica)<\/p>\n<p style=\"text-align: justify;\">Oferujemy r\u00f3wnie\u017c us\u0142ug\u0119 etykietowania ta\u015bm. Klient dokonuje zakupu kaset oraz okre\u015bla zakres numeracyjno-literowy, jaki chce wykorzystywa\u0107, b\u0105d\u017a ju\u017c wykorzystuje w swoich systemach. Po otrzymaniu oraz potwierdzeniu zam\u00f3wienia, produkujemy etykiety wg. specyfikacji. Proces etykietowania odbywa si\u0119 w naszej siedzibie.<\/p>\n<p>Procedura ka\u017cdorazowo jest przeprowadzona z uwzgl\u0119dnieniem standard\u00f3w mi\u0119dzynarodowych.<\/p>\n<p style=\"text-align: justify;\">Zapraszamy do wsp\u00f3\u0142pracy.<\/p>\n","protected":false},"excerpt":{"rendered":"<p>Jeste\u015bmy jedynym w Europie \u015brodkowo-wschodniej, licencjonowanym partnerem Tri-Optic\u00a0 &#8211; wiod\u0105cego producenta profesjonalnych barkod\u00f3w\u00a0 na\u00a0 ta\u015bmowe no\u015bniki danych IBM, Oracle, HP, Quantum, Sony,\u00a0 Fujifilm, Maxell oraz TDK.\u00a0 Gwarantujemy dostaw\u0119 produktu w dowolne miejsce do 24 godzin od momentu z\u0142o\u017cenia zam\u00f3wienia. Najwy\u017csza jako\u015b\u0107 materia\u0142\u00f3w u\u017cytych do produkcji gwarantuje niezawodno\u015b\u0107 identyfikacji przez lata, a konstrukcja samej etykiety sprawia, [&hellip;]<\/p>\n","protected":false},"author":1,"featured_media":0,"parent":0,"menu_order":0,"comment_status":"open","ping_status":"open","template":"","meta":{"_acf_changed":false,"footnotes":""},"class_list":["post-5","page","type-page","status-publish","hentry"],"acf":[],"_links":{"self":[{"href":"https:\/\/tri-optic.pl\/index.php?rest_route=\/wp\/v2\/pages\/5","targetHints":{"allow":["GET"]}}],"collection":[{"href":"https:\/\/tri-optic.pl\/index.php?rest_route=\/wp\/v2\/pages"}],"about":[{"href":"https:\/\/tri-optic.pl\/index.php?rest_route=\/wp\/v2\/types\/page"}],"author":[{"embeddable":true,"href":"https:\/\/tri-optic.pl\/index.php?rest_route=\/wp\/v2\/users\/1"}],"replies":[{"embeddable":true,"href":"https:\/\/tri-optic.pl\/index.php?rest_route=%2Fwp%2Fv2%2Fcomments&post=5"}],"version-history":[{"count":27,"href":"https:\/\/tri-optic.pl\/index.php?rest_route=\/wp\/v2\/pages\/5\/revisions"}],"predecessor-version":[{"id":22,"href":"https:\/\/tri-optic.pl\/index.php?rest_route=\/wp\/v2\/pages\/5\/revisions\/22"}],"wp:attachment":[{"href":"https:\/\/tri-optic.pl\/index.php?rest_route=%2Fwp%2Fv2%2Fmedia&parent=5"}],"curies":[{"name":"wp","href":"https:\/\/api.w.org\/{rel}","templated":true}]}}